{"id":60,"date":"2019-10-22T12:29:42","date_gmt":"2019-10-22T10:29:42","guid":{"rendered":"https:\/\/pegase-saddlefitting.fr\/?page_id=60"},"modified":"2026-01-19T20:58:09","modified_gmt":"2026-01-19T18:58:09","slug":"selliers-partenaires","status":"publish","type":"page","link":"https:\/\/pegase-saddlefitting.fr\/?page_id=60","title":{"rendered":"Selliers Partenaires"},"content":{"rendered":"\r\n<p style=\"text-align: justify;\"><a href=\"https:\/\/www.thorowgood.com\/\" target=\"_blank\" rel=\"noopener\"><img loading=\"lazy\" decoding=\"async\" class=\"alignleft wp-image-64 \" style=\"width: 215px;\" src=\"https:\/\/pegase-saddlefitting.fr\/wp-content\/uploads\/2019\/10\/thorowgood-logo-mobile.png\" alt=\"\" width=\"360\" height=\"66\" \/><\/a><span style=\"font-size: 1rem;\">Selles en synth\u00e9tique et mi-cuir\/mi-synth\u00e9tique. A partir de 695\u20ac. Offre de nombreuses possibilit\u00e9s d\u2019adaptation gr\u00e2ce \u00e0 3 formes d\u2019ar\u00e7ons et de panneaux (Haut Garrot, Standard et Cob), en plus d\u2019arcades interchangeables, panneaux en laine ajustables, plusieurs positions de contre-sanglons. Selles int\u00e9ressantes pour leur rapport qualit\u00e9\/prix et leur versatilit\u00e9.<\/span><\/p>\r\n<p>&nbsp;<\/p>\r\n\r\n\r\n\r\n<p><a href=\"https:\/\/www.kentandmasters.co.uk\/\" target=\"_blank\" rel=\"noopener\"><img decoding=\"async\" class=\"wp-image-62 alignleft\" style=\"width: 188px;\" src=\"https:\/\/pegase-saddlefitting.fr\/wp-content\/uploads\/2019\/10\/RS274_Kent-and-Masters-logo.png\" alt=\"\" height=\"139\" srcset=\"https:\/\/pegase-saddlefitting.fr\/wp-content\/uploads\/2019\/10\/RS274_Kent-and-Masters-logo.png 842w, https:\/\/pegase-saddlefitting.fr\/wp-content\/uploads\/2019\/10\/RS274_Kent-and-Masters-logo-300x222.png 300w, https:\/\/pegase-saddlefitting.fr\/wp-content\/uploads\/2019\/10\/RS274_Kent-and-Masters-logo-768x568.png 768w\" sizes=\"(max-width: 706px) 89vw, (max-width: 767px) 82vw, 740px\" \/><\/a> Bas\u00e9es sur les m\u00eames principes de fabrication que les mod\u00e8les Thorowgood. Selles tout cuir. Panneaux en laine. A partir de 1250\u20ac.<\/p>\r\n<p>&nbsp;<\/p>\r\n<p>&nbsp;<\/p>\r\n<p>&nbsp;<\/p>\r\n<p style=\"text-align: justify;\"><a href=\"https:\/\/www.fairfaxsaddles.com\/\" target=\"_blank\" rel=\"noopener\"><img loading=\"lazy\" decoding=\"async\" class=\"wp-image-265 alignleft\" src=\"https:\/\/pegase-saddlefitting.fr\/wp-content\/uploads\/2022\/10\/Fairfaxsaddleslogo.png\" alt=\"\" width=\"225\" height=\"65\" srcset=\"https:\/\/pegase-saddlefitting.fr\/wp-content\/uploads\/2022\/10\/Fairfaxsaddleslogo.png 459w, https:\/\/pegase-saddlefitting.fr\/wp-content\/uploads\/2022\/10\/Fairfaxsaddleslogo-300x86.png 300w\" sizes=\"auto, (max-width: 225px) 100vw, 225px\" \/><\/a>Selles en cuir,\u00a0 mixte, cross, cso, dressage. Du 16,5&Prime; au 18&Prime;, mod\u00e8le double et monoquartier. Gamme Classic, Performance et World Class. Syst\u00e8me d&rsquo;arcade interchangeable et panneaux en laine naturelle. A partir de 1975\u20ac mais aussi brides, bridons, sangles d\u00e9port\u00e9es, colliers de chasse. Leurs produits sont \u00e9labor\u00e9s en collaboration avec un laboratoire de recherche travaillant sur l&rsquo;impact du mat\u00e9riel sur la locomotion du cheval et ses performances.<\/p>\r\n<p><img loading=\"lazy\" decoding=\"async\" class=\"size-full wp-image-299 alignleft\" src=\"https:\/\/pegase-saddlefitting.fr\/wp-content\/uploads\/2024\/10\/logoPE.png\" alt=\"\" width=\"273\" height=\"142\" \/><\/p>\r\n<p>&nbsp;<\/p>\r\n<p>Premier Equine, selles cuir ou synth\u00e9tique, mixte, cso, cross mono, dressage \u00e0 partir de 600\u20ac, arcades interchangeables, panneaux laine.<\/p>\r\n<p>&nbsp;<\/p>\r\n<p style=\"text-align: justify;\"><a href=\"https:\/\/www.cavaletticollection.co.uk\/\" target=\"_blank\" rel=\"noopener\"><img loading=\"lazy\" decoding=\"async\" class=\"wp-image-234 alignleft\" src=\"https:\/\/pegase-saddlefitting.fr\/wp-content\/uploads\/2021\/09\/Capture-du-2021-09-15-12-01-24.png\" alt=\"\" width=\"248\" height=\"76\" srcset=\"https:\/\/pegase-saddlefitting.fr\/wp-content\/uploads\/2021\/09\/Capture-du-2021-09-15-12-01-24.png 385w, https:\/\/pegase-saddlefitting.fr\/wp-content\/uploads\/2021\/09\/Capture-du-2021-09-15-12-01-24-300x92.png 300w\" sizes=\"auto, (max-width: 248px) 100vw, 248px\" \/><\/a>Selles en cuir ou en synth\u00e9tique. Mod\u00e8les Mixtes, Obstacle (double quartier ou monoquartier), Dressage (double quartier ou monoquartier), disponible en noir ou marron, du 15&Prime; au 18&Prime;. Syst\u00e8me d&rsquo;arcade interchangeable, panneaux laine. A partir de 750\u20ac. Aussi disponible des accessoires de la selle (\u00e9trivi\u00e8res, sangles longues et courtes, amortisseurs correcteurs).<\/p>\r\n<p align=\"justify\">\u00a0<\/p>\r\n<p align=\"justify\"><a href=\"https:\/\/wintec-saddles.com\/\" target=\"_blank\" rel=\"noopener\"><img loading=\"lazy\" decoding=\"async\" class=\"wp-image-247 alignleft\" src=\"https:\/\/pegase-saddlefitting.fr\/wp-content\/uploads\/2021\/11\/logo-wintec-390x155-1.jpg\" alt=\"\" width=\"221\" height=\"88\" srcset=\"https:\/\/pegase-saddlefitting.fr\/wp-content\/uploads\/2021\/11\/logo-wintec-390x155-1.jpg 390w, https:\/\/pegase-saddlefitting.fr\/wp-content\/uploads\/2021\/11\/logo-wintec-390x155-1-300x119.jpg 300w\" sizes=\"auto, (max-width: 221px) 100vw, 221px\" \/><\/a> Selle en synth\u00e9tique, syst\u00e8me HART (Horse And Rider Technology) : arcade interchangeable, panneaux Cair\u00ae modifiable gr\u00e2ce aux cales easy change, plusieurs positions de sanglons. Selle mixtes, dressage, obstacle, poney, endurance, australienne, western. A partir de 599\u20ac. + Accessoires de la selle.\u00a0<\/p>\r\n<p align=\"justify\">\u00a0<\/p>\r\n<p align=\"justify\"><a href=\"https:\/\/www.ikonicsaddlery.com\/fr\" target=\"_blank\" rel=\"noopener\"><img loading=\"lazy\" decoding=\"async\" class=\" wp-image-268 alignleft\" src=\"https:\/\/pegase-saddlefitting.fr\/wp-content\/uploads\/2022\/10\/logoikonic.png\" alt=\"\" width=\"189\" height=\"180\" \/><\/a> Selles en cuir ou hybride, mixte, cso, cross, dressage, poney, horse ball.\u00a0 Du 15&Prime; au 18&Prime;, double et monoquartier. Gamme Light, Evolution et Elite. Syst\u00e8me d&rsquo;arcade interchangeable et panneaux en laine. A partir de 1300\u20ac. + Accessoires de la selle, briderie, sangles, \u00e9trivi\u00e8res, \u00e9triers.<\/p>\r\n<p align=\"justify\">\u00a0<\/p>\r\n<p>&nbsp;<\/p>\r\n<p style=\"text-align: justify;\"><a href=\"https:\/\/stuebben.com\/fr\/\"><img loading=\"lazy\" decoding=\"async\" class=\"wp-image-288 alignleft\" src=\"https:\/\/pegase-saddlefitting.fr\/wp-content\/uploads\/2023\/03\/LogoStubb.png\" alt=\"\" width=\"231\" height=\"79\" srcset=\"https:\/\/pegase-saddlefitting.fr\/wp-content\/uploads\/2023\/03\/LogoStubb.png 777w, https:\/\/pegase-saddlefitting.fr\/wp-content\/uploads\/2023\/03\/LogoStubb-300x102.png 300w, https:\/\/pegase-saddlefitting.fr\/wp-content\/uploads\/2023\/03\/LogoStubb-768x262.png 768w\" sizes=\"auto, (max-width: 231px) 100vw, 231px\" \/><\/a>Selles sur mesures cheval et cavalier, ar\u00e7on souple modifiable et panneaux laine. Mod\u00e8les dressage, saut, cross, mixte, poney, randonn\u00e9e, islandaises. Large choix pour le cheval, mais aussi pour la personnalisation\u00a0 \u00e0 partir de 2700\u20ac.<\/p>\r\n<p>&nbsp;<\/p>\r\n<p><a href=\"https:\/\/www.albionsaddlemakers.co.uk\/\"><img loading=\"lazy\" decoding=\"async\" class=\"wp-image-291 alignleft\" src=\"https:\/\/pegase-saddlefitting.fr\/wp-content\/uploads\/2023\/09\/logo-albion.png\" alt=\"\" width=\"216\" height=\"119\" srcset=\"https:\/\/pegase-saddlefitting.fr\/wp-content\/uploads\/2023\/09\/logo-albion.png 744w, https:\/\/pegase-saddlefitting.fr\/wp-content\/uploads\/2023\/09\/logo-albion-300x167.png 300w\" sizes=\"auto, (max-width: 216px) 100vw, 216px\" \/><\/a><\/p>\r\n<p style=\"text-align: justify;\">Selles sur mesures cavalier et cheval, ar\u00e7on AdjustaTree\u2122 modifiable par pressage \u00e0 froid, panneaux laine. Possibilit\u00e9 de fabrication d&rsquo;un ar\u00e7on enti\u00e8rement sur mesure. Selles Mixte, Dressage, Obstacle, Cross. Large choix de personnalisation \u00e0 partir de 3090\u20ac. + Accessoires de selles et briderie.<\/p>\r\n<p>&nbsp;<\/p>\r\n\r\n\r\n\r\n\r\n\r\n<p style=\"text-align: justify;\"><a href=\"https:\/\/proliteperformance.com\/\" target=\"_blank\" rel=\"noopener\"><img decoding=\"async\" class=\"wp-image-63 alignleft\" style=\"width: 218px;\" src=\"https:\/\/pegase-saddlefitting.fr\/wp-content\/uploads\/2019\/10\/t\u00e9l\u00e9chargement.jpeg\" alt=\"\" height=\"122\" \/><\/a><\/p>\r\n<p style=\"text-align: justify;\"><span style=\"font-size: 1rem;\">Accessoires pour la selle, sangles anatomiques <\/span><span style=\"font-size: 1rem;\">d\u00e9port\u00e9es, amortisseurs correcteurs.<\/span><\/p>\r\n<p>&nbsp;<\/p>\r\n<p>&nbsp;<\/p>\r\n<p><em>*** Redirection vers le site internet des marques en cliquant sur leur logo<\/em><\/p>\r\n","protected":false},"excerpt":{"rendered":"<p>Selles en synth\u00e9tique et mi-cuir\/mi-synth\u00e9tique. A partir de 695\u20ac. Offre de nombreuses possibilit\u00e9s d\u2019adaptation gr\u00e2ce \u00e0 3 formes d\u2019ar\u00e7ons et de panneaux (Haut Garrot, Standard et Cob), en plus d\u2019arcades interchangeables, panneaux en laine ajustables, plusieurs positions de contre-sanglons. Selles int\u00e9ressantes pour leur rapport qualit\u00e9\/prix et leur versatilit\u00e9. &nbsp; Bas\u00e9es sur les m\u00eames principes de &hellip; <\/p>\n<p class=\"link-more\"><a href=\"https:\/\/pegase-saddlefitting.fr\/?page_id=60\" class=\"more-link\">Continuer la lecture<span class=\"screen-reader-text\"> de &laquo;&nbsp;Selliers Partenaires&nbsp;&raquo;<\/span><\/a><\/p>\n","protected":false},"author":2,"featured_media":0,"parent":0,"menu_order":0,"comment_status":"closed","ping_status":"closed","template":"","meta":{"footnotes":""},"class_list":["post-60","page","type-page","status-publish","hentry"],"_links":{"self":[{"href":"https:\/\/pegase-saddlefitting.fr\/index.php?rest_route=\/wp\/v2\/pages\/60","targetHints":{"allow":["GET"]}}],"collection":[{"href":"https:\/\/pegase-saddlefitting.fr\/index.php?rest_route=\/wp\/v2\/pages"}],"about":[{"href":"https:\/\/pegase-saddlefitting.fr\/index.php?rest_route=\/wp\/v2\/types\/page"}],"author":[{"embeddable":true,"href":"https:\/\/pegase-saddlefitting.fr\/index.php?rest_route=\/wp\/v2\/users\/2"}],"replies":[{"embeddable":true,"href":"https:\/\/pegase-saddlefitting.fr\/index.php?rest_route=%2Fwp%2Fv2%2Fcomments&post=60"}],"version-history":[{"count":34,"href":"https:\/\/pegase-saddlefitting.fr\/index.php?rest_route=\/wp\/v2\/pages\/60\/revisions"}],"predecessor-version":[{"id":312,"href":"https:\/\/pegase-saddlefitting.fr\/index.php?rest_route=\/wp\/v2\/pages\/60\/revisions\/312"}],"wp:attachment":[{"href":"https:\/\/pegase-saddlefitting.fr\/index.php?rest_route=%2Fwp%2Fv2%2Fmedia&parent=60"}],"curies":[{"name":"wp","href":"https:\/\/api.w.org\/{rel}","templated":true}]}}