{"id":56,"date":"2019-10-22T11:21:12","date_gmt":"2019-10-22T09:21:12","guid":{"rendered":"https:\/\/pegase-saddlefitting.fr\/?page_id=56"},"modified":"2026-02-10T19:57:24","modified_gmt":"2026-02-10T17:57:24","slug":"tarifs","status":"publish","type":"page","link":"https:\/\/pegase-saddlefitting.fr\/?page_id=56","title":{"rendered":"Tarifs"},"content":{"rendered":"\r\n<p style=\"text-align: center;\"><strong>Consultations<\/strong> <strong>de Saddle Fitting<\/strong><\/p>\r\n\r\n\r\n\r\n\r\n\r\n<ul class=\"wp-block-list\">\r\n<li><span style=\"text-decoration: underline;\"><em>Cavaliers &#8211; Propri\u00e9taires<\/em><\/span><\/li>\r\n<\/ul>\r\n\r\n\r\n\r\n<p>Prix d&rsquo;une s\u00e9ance pour un cheval, en fonction des km depuis Lavergne 19000 Tulle.<\/p>\r\n<p style=\"text-align: center;\">0 \u2013 24 km : 70 \u20ac<br \/>25 \u2013 49 km : 80 \u20ac<br \/>50 \u2013 74 km : 90 \u20ac<br \/>75 \u2013 99 km : 100 \u20ac<br \/>100 \u2013 124 km : 110 \u20ac<br \/>125 \u2013 149 km : 120 \u20ac<br \/>150 \u2013 174 km : 130 \u20ac<br \/>175 \u2013 199 km : 140 \u20ac<br \/><br \/><\/p>\r\n\r\n\r\n\r\n\r\n\r\n<p>Puis 60\u20ac par cheval suppl\u00e9mentaire pour un m\u00eame propri\u00e9taire.<\/p>\r\n<p><strong>Regroupement<\/strong> : -5\u20ac sur le prix de la s\u00e9ance par couple cavalier\/cheval suppl\u00e9mentaire dans une m\u00eame \u00e9curie (le prix de la s\u00e9ance ne descend pas en dessous de 70\u20ac)<\/p>\r\n\r\n\r\n\r\n<p><strong>Contre visite<\/strong> (valable 3 mois suivant la premi\u00e8re visite) : -20\u20ac par rapport au tarif initial\u00a0<\/p>\r\n<p><strong>Consultation de Suivi<\/strong> : v\u00e9rification et ajustements d&rsquo;une selle vendue par P\u00e9gase SaddleFitting dans les 13 mois (les r\u00e9glages et l&rsquo;ajout de laine sont gratuits) :\u00a0 -10\u20ac par rapport au tarif initial<\/p>\r\n\r\n\r\n\r\n<ul class=\"wp-block-list\">\r\n<li><span style=\"text-decoration: underline;\"><em>Centres \u00e9questres<\/em><\/span><\/li>\r\n<\/ul>\r\n\r\n\r\n\r\n<p>Tarifs pr\u00e9f\u00e9rentiels pour les centres \u00e9questres (chevaux d\u2019\u00e9cole seulement)<\/p>\r\n\r\n\r\n\r\n<p style=\"text-align: center;\">1 \u00e0 3 chevaux : 40 \u20ac par cheval <br \/>A partir de 4 chevaux : 35 \u20ac par cheval<br \/>Frais de d\u00e9placement en plus : 0,30 \u20ac\/km\/aller-retour.<\/p>\r\n\r\n\r\n\r\n<p>&nbsp;<\/p>\r\n<p style=\"text-align: center;\"><strong>Panneaux laines et r\u00e9parations<\/strong><\/p>\r\n\r\n\r\n\r\n<ul class=\"wp-block-list\">\r\n<li><span style=\"text-decoration: underline;\"><em>Reflockage<\/em><\/span><\/li>\r\n<\/ul>\r\n\r\n\r\n\r\n<div id=\":u0\" class=\"Am aiL Al editable LW-avf tS-tW tS-tY\" tabindex=\"1\" role=\"textbox\" contenteditable=\"true\" spellcheck=\"false\" aria-label=\"Corps du message\" aria-multiline=\"true\" aria-owns=\":wf\" aria-controls=\":wf\" aria-expanded=\"false\">\r\n<div style=\"text-align: center;\">&#8211; R\u00e9\u00e9quilibrage sur place : 15 \u20ac zone avant ou arri\u00e8re &#8211; 30\u20ac zone avant et arri\u00e8re (pour des panneaux viss\u00e9s)<\/div>\r\n<p>&#8211; Reflockage complet : 140 \u20ac<br \/>Suppl\u00e9ment de 30\u20ac pour panneaux cousus<\/p>\r\n<\/div>\r\n\r\n\r\n\r\n<ul class=\"wp-block-list\">\r\n<li><span style=\"text-decoration: underline;\"><em>Transformation Cair\u00ae\/ Laine <\/em><\/span><\/li>\r\n<\/ul>\r\n\r\n\r\n\r\n<p style=\"text-align: center;\">Changer les matelassures Cair\u00ae (Bates, Wintec) par des matelassures laine : 140 \u20ac<\/p>\r\n\r\n\r\n\r\n<ul class=\"wp-block-list\">\r\n<li><span style=\"text-decoration: underline;\"><em>Entretien des cuirs\u00a0<\/em><\/span><\/li>\r\n<\/ul>\r\n\r\n\r\n\r\n<p style=\"text-align: center;\">Nettoyage, graissage : 30 \u20ac<\/p>\r\n\r\n\r\n\r\n<ul class=\"wp-block-list\">\r\n<li><span style=\"text-decoration: underline;\"><em>Jeu de cale en n\u00e9opr\u00e8ne\u00a0<\/em><\/span><\/li>\r\n<\/ul>\r\n\r\n\r\n\r\n<p style=\"text-align: center;\">Pour tapis ou amortisseur \u00e0 cales : 12 \u20ac la paire<\/p>\r\n<ul>\r\n<li><span style=\"text-decoration: underline;\">Pose anneaux\u00a0 :<\/span> 5\u20ac \/ anneaux + 30\u20ac si d\u00e9lassage des matelassures<\/li>\r\n<li><span style=\"text-decoration: underline;\">Pose Pontets :<\/span> 7\u20ac \/ pontets<\/li>\r\n<\/ul>\r\n\r\n\r\n\r\n<ul class=\"wp-block-list\">\r\n<li><em>Changement sanglons : 20\u20ac\/ sanglons courts &#8211; 30\u20ac\/ sanglons longs<\/em><\/li>\r\n<\/ul>\r\n<p>&nbsp;<\/p>\r\n<p style=\"text-align: center;\"><strong><em>Zone d\u2019intervention principale : Corr\u00e8ze et d\u00e9partements limitrophes (87, 23, 63, 15, 46, 24,16 est, 86 sud, 12 nord)<\/em><\/strong><\/p>\r\n","protected":false},"excerpt":{"rendered":"<p>Consultations de Saddle Fitting Cavaliers &#8211; Propri\u00e9taires Prix d&rsquo;une s\u00e9ance pour un cheval, en fonction des km depuis Lavergne 19000 Tulle. 0 \u2013 24 km : 70 \u20ac25 \u2013 49 km : 80 \u20ac50 \u2013 74 km : 90 \u20ac75 \u2013 99 km : 100 \u20ac100 \u2013 124 km : 110 \u20ac125 \u2013 149 km &hellip; <\/p>\n<p class=\"link-more\"><a href=\"https:\/\/pegase-saddlefitting.fr\/?page_id=56\" class=\"more-link\">Continuer la lecture<span class=\"screen-reader-text\"> de &laquo;&nbsp;Tarifs&nbsp;&raquo;<\/span><\/a><\/p>\n","protected":false},"author":2,"featured_media":0,"parent":0,"menu_order":0,"comment_status":"closed","ping_status":"closed","template":"","meta":{"footnotes":""},"class_list":["post-56","page","type-page","status-publish","hentry"],"_links":{"self":[{"href":"https:\/\/pegase-saddlefitting.fr\/index.php?rest_route=\/wp\/v2\/pages\/56","targetHints":{"allow":["GET"]}}],"collection":[{"href":"https:\/\/pegase-saddlefitting.fr\/index.php?rest_route=\/wp\/v2\/pages"}],"about":[{"href":"https:\/\/pegase-saddlefitting.fr\/index.php?rest_route=\/wp\/v2\/types\/page"}],"author":[{"embeddable":true,"href":"https:\/\/pegase-saddlefitting.fr\/index.php?rest_route=\/wp\/v2\/users\/2"}],"replies":[{"embeddable":true,"href":"https:\/\/pegase-saddlefitting.fr\/index.php?rest_route=%2Fwp%2Fv2%2Fcomments&post=56"}],"version-history":[{"count":22,"href":"https:\/\/pegase-saddlefitting.fr\/index.php?rest_route=\/wp\/v2\/pages\/56\/revisions"}],"predecessor-version":[{"id":152,"href":"https:\/\/pegase-saddlefitting.fr\/index.php?rest_route=\/wp\/v2\/pages\/56\/revisions\/152"}],"wp:attachment":[{"href":"https:\/\/pegase-saddlefitting.fr\/index.php?rest_route=%2Fwp%2Fv2%2Fmedia&parent=56"}],"curies":[{"name":"wp","href":"https:\/\/api.w.org\/{rel}","templated":true}]}}