{"id":52,"date":"2019-10-22T11:55:55","date_gmt":"2019-10-22T09:55:55","guid":{"rendered":"https:\/\/pegase-saddlefitting.fr\/?page_id=52"},"modified":"2026-01-19T20:55:53","modified_gmt":"2026-01-19T18:55:53","slug":"prestations","status":"publish","type":"page","link":"https:\/\/pegase-saddlefitting.fr\/?page_id=52","title":{"rendered":"Prestations"},"content":{"rendered":"\r\n<p style=\"text-align: center;\"><strong>Consultation de Saddle Fitting<\/strong><\/p>\r\n\r\n\r\n\r\n<p style=\"text-align: justify;\">La consultation dure en moyenne 1h30 (variable en fonction des cas, essais de selles, etc.) et se d\u00e9roule comme suit\u00a0:<\/p>\r\n<p><img loading=\"lazy\" decoding=\"async\" class=\"wp-image-183 size-medium alignleft\" src=\"https:\/\/pegase-saddlefitting.fr\/wp-content\/uploads\/2019\/10\/P1140470-300x200.jpg\" alt=\"\" width=\"300\" height=\"200\" srcset=\"https:\/\/pegase-saddlefitting.fr\/wp-content\/uploads\/2019\/10\/P1140470-300x200.jpg 300w, https:\/\/pegase-saddlefitting.fr\/wp-content\/uploads\/2019\/10\/P1140470-768x513.jpg 768w, https:\/\/pegase-saddlefitting.fr\/wp-content\/uploads\/2019\/10\/P1140470-1024x684.jpg 1024w\" sizes=\"auto, (max-width: 300px) 100vw, 300px\" \/><\/p>\r\n\r\n\r\n\r\n<p style=\"text-align: justify;\">&#8211; Prise d\u2019informations concernant l\u2019historique du cavalier et du cheval<br \/>&#8211; Inspection du cheval (posture, palpations du dos, blessures \u00e9ventuelles)<br \/>&#8211; Prise de mesure du dos du cheval<br \/>&#8211; Analyse du mat\u00e9riel utilis\u00e9 (selles et ses accessoires)<br \/>&#8211; V\u00e9rification de l\u2019adaptation de la selle en statique sans cavalier, puis avec cavalier<br \/>&#8211; V\u00e9rification de l\u2019adaptation de la selle en dynamique avec cavalier<br \/>&#8211; Bilan<\/p>\r\n\r\n\r\n\r\n<p style=\"text-align: justify;\">Le d\u00e9roul\u00e9 de la s\u00e9ance peut \u00eatre modul\u00e9 en fonction des cas, chevaux non d\u00e9bourr\u00e9s, essais de selles ou autres accessoires, etc.<\/p>\r\n\r\n\r\n\r\n<p style=\"text-align: justify;\">Si votre mat\u00e9riel n\u2019est pas adapt\u00e9, et en fonction des conclusions de mon analyse, je vous conseillerais sur diff\u00e9rents types de solutions pour am\u00e9liorer le confort et les performances de votre couple (utilisation d\u2019un tapis correcteur, modification de l\u2019ouverture de la selle, adaptation des panneaux en laine, changement de selle, etc.)<\/p>\r\n<p><span style=\"color: #993366;\"><a style=\"color: #993366;\" href=\"https:\/\/pegase-saddlefitting.fr\/?page_id=54\">\u21d2 Pr\u00e9paration de la s\u00e9ance<\/a><\/span><\/p>\r\n\r\n\r\n\r\n<p style=\"text-align: center;\"><strong>Reflockage<\/strong><\/p>\r\n\r\n\r\n\r\n<p style=\"text-align: justify;\">Les panneaux en laine ont de nombreux avantages, ils se moulent compl\u00e8tement \u00e0 la forme du dos du cheval. C\u2019est un mat\u00e9riau confortable, amortissant. Ils peuvent \u00eatre adapt\u00e9s \u00e0 la morphologie de votre cheval.<\/p>\r\n<p><img loading=\"lazy\" decoding=\"async\" class=\"wp-image-182 size-medium alignright\" src=\"https:\/\/pegase-saddlefitting.fr\/wp-content\/uploads\/2019\/10\/P1150004-300x200.jpg\" alt=\"\" width=\"300\" height=\"200\" srcset=\"https:\/\/pegase-saddlefitting.fr\/wp-content\/uploads\/2019\/10\/P1150004-300x200.jpg 300w, https:\/\/pegase-saddlefitting.fr\/wp-content\/uploads\/2019\/10\/P1150004-768x513.jpg 768w, https:\/\/pegase-saddlefitting.fr\/wp-content\/uploads\/2019\/10\/P1150004-1024x684.jpg 1024w\" sizes=\"auto, (max-width: 300px) 100vw, 300px\" \/><\/p>\r\n\r\n\r\n\r\n<p style=\"text-align: justify;\">Un reflockage partiel peut \u00eatre n\u00e9cessaire pour finaliser l\u2019adaptation d\u2019une selle neuve \u00e0 votre cheval, ou am\u00e9liorer l\u2019ergonomie d\u2019une selle d\u2019occasion. Cette op\u00e9ration peut se faire sur site. Lorsque les panneaux sont vieux et\/ou n\u2019ont pas \u00e9t\u00e9 entretenus r\u00e9guli\u00e8rement, la laine devient compl\u00e8tement tass\u00e9e. Dans ce cas, un reflockage complet est n\u00e9cessaire. Toute la laine est retir\u00e9e puis remplac\u00e9e par de la laine neuve naturelle. Cette op\u00e9ration est r\u00e9alis\u00e9e en atelier.<\/p>\r\n\r\n\r\n\r\n<p style=\"text-align: center;\"><strong>R\u00e9parations<\/strong><\/p>\r\n\r\n\r\n\r\n<p style=\"text-align: justify;\">Je r\u00e9alise certaines r\u00e9parations (coutures \u00e0 refaire, sanglons \u00e0 changer, etc.) mais aussi l\u2019entretien de votre mat\u00e9riel en cuir (r\u00e9novation, nettoyage, graissage).<\/p>\r\n","protected":false},"excerpt":{"rendered":"<p>Consultation de Saddle Fitting La consultation dure en moyenne 1h30 (variable en fonction des cas, essais de selles, etc.) et se d\u00e9roule comme suit\u00a0: &#8211; Prise d\u2019informations concernant l\u2019historique du cavalier et du cheval&#8211; Inspection du cheval (posture, palpations du dos, blessures \u00e9ventuelles)&#8211; Prise de mesure du dos du cheval&#8211; Analyse du mat\u00e9riel utilis\u00e9 (selles &hellip; <\/p>\n<p class=\"link-more\"><a href=\"https:\/\/pegase-saddlefitting.fr\/?page_id=52\" class=\"more-link\">Continuer la lecture<span class=\"screen-reader-text\"> de &laquo;&nbsp;Prestations&nbsp;&raquo;<\/span><\/a><\/p>\n","protected":false},"author":2,"featured_media":0,"parent":0,"menu_order":0,"comment_status":"closed","ping_status":"closed","template":"","meta":{"footnotes":""},"class_list":["post-52","page","type-page","status-publish","hentry"],"_links":{"self":[{"href":"https:\/\/pegase-saddlefitting.fr\/index.php?rest_route=\/wp\/v2\/pages\/52","targetHints":{"allow":["GET"]}}],"collection":[{"href":"https:\/\/pegase-saddlefitting.fr\/index.php?rest_route=\/wp\/v2\/pages"}],"about":[{"href":"https:\/\/pegase-saddlefitting.fr\/index.php?rest_route=\/wp\/v2\/types\/page"}],"author":[{"embeddable":true,"href":"https:\/\/pegase-saddlefitting.fr\/index.php?rest_route=\/wp\/v2\/users\/2"}],"replies":[{"embeddable":true,"href":"https:\/\/pegase-saddlefitting.fr\/index.php?rest_route=%2Fwp%2Fv2%2Fcomments&post=52"}],"version-history":[{"count":8,"href":"https:\/\/pegase-saddlefitting.fr\/index.php?rest_route=\/wp\/v2\/pages\/52\/revisions"}],"predecessor-version":[{"id":311,"href":"https:\/\/pegase-saddlefitting.fr\/index.php?rest_route=\/wp\/v2\/pages\/52\/revisions\/311"}],"wp:attachment":[{"href":"https:\/\/pegase-saddlefitting.fr\/index.php?rest_route=%2Fwp%2Fv2%2Fmedia&parent=52"}],"curies":[{"name":"wp","href":"https:\/\/api.w.org\/{rel}","templated":true}]}}