{"id":43,"date":"2019-10-22T10:39:39","date_gmt":"2019-10-22T08:39:39","guid":{"rendered":"https:\/\/pegase-saddlefitting.fr\/?page_id=43"},"modified":"2019-10-22T16:49:12","modified_gmt":"2019-10-22T14:49:12","slug":"construction","status":"publish","type":"page","link":"https:\/\/pegase-saddlefitting.fr\/?page_id=43","title":{"rendered":"La selle"},"content":{"rendered":"\r\n<p style=\"text-align: justify;\">La selle est compos\u00e9e d\u2019une \u00e2me rigide appel\u00e9e ar\u00e7on. Cet ar\u00e7on est traditionnellement construit en bois et en m\u00e9tal, mais aujourd\u2019hui d\u2019autres mat\u00e9riaux peuvent \u00eatre utilis\u00e9s, plastique, r\u00e9sine synth\u00e9tique, fibre de verre, fibre de carbone, etc.<\/p>\r\n<p>&nbsp;<\/p>\r\n\r\n\r\n\r\n<p><img loading=\"lazy\" decoding=\"async\" class=\"wp-image-45 alignleft\" style=\"width: 400px;\" src=\"https:\/\/pegase-saddlefitting.fr\/wp-content\/uploads\/2019\/10\/P1140577-1.jpg\" alt=\"\" width=\"4000\" height=\"2672\" srcset=\"https:\/\/pegase-saddlefitting.fr\/wp-content\/uploads\/2019\/10\/P1140577-1.jpg 4000w, https:\/\/pegase-saddlefitting.fr\/wp-content\/uploads\/2019\/10\/P1140577-1-300x200.jpg 300w, https:\/\/pegase-saddlefitting.fr\/wp-content\/uploads\/2019\/10\/P1140577-1-768x513.jpg 768w, https:\/\/pegase-saddlefitting.fr\/wp-content\/uploads\/2019\/10\/P1140577-1-1024x684.jpg 1024w\" sizes=\"auto, (max-width: 706px) 89vw, (max-width: 767px) 82vw, 740px\" \/><\/p>\r\n<p style=\"text-align: justify;\">La forme de cet ar\u00e7on et ses dimensions sont pr\u00e9pond\u00e9rantes dans l\u2019adaptation de selle.<\/p>\r\n\r\n\r\n\r\n<p style=\"text-align: justify;\">Les panneaux fix\u00e9s sous l\u2019ar\u00e7on permettent un meilleur confort du cheval et de finaliser l\u2019adaptation et l\u2019\u00e9quilibrage de la selle. Traditionnellement, ils sont rembourr\u00e9s de laine (\u00e0 gauche sur la photo ci-dessous) mais peuvent \u00eatre compos\u00e9s uniquement de mousse (\u00e0 droite sur la photo ci-dessous), ou encore de poches d\u2019air.<\/p>\r\n<p>&nbsp;<\/p>\r\n<p><img loading=\"lazy\" decoding=\"async\" class=\"size-medium wp-image-46 alignright\" src=\"https:\/\/pegase-saddlefitting.fr\/wp-content\/uploads\/2019\/10\/20190816_114929-300x169.jpg\" alt=\"\" width=\"300\" height=\"169\" srcset=\"https:\/\/pegase-saddlefitting.fr\/wp-content\/uploads\/2019\/10\/20190816_114929-300x169.jpg 300w, https:\/\/pegase-saddlefitting.fr\/wp-content\/uploads\/2019\/10\/20190816_114929-768x432.jpg 768w, https:\/\/pegase-saddlefitting.fr\/wp-content\/uploads\/2019\/10\/20190816_114929-1024x576.jpg 1024w\" sizes=\"auto, (max-width: 300px) 100vw, 300px\" \/><\/p>\r\n\r\n\r\n\r\n<p style=\"text-align: justify;\">La combinaison de la forme de l\u2019ar\u00e7on et des panneaux joue un r\u00f4le majeur dans l\u2019ajustement de la selle et son ergonomie g\u00e9n\u00e9rale, mais d\u2019autres param\u00e8tres entrent en compte tels que la position du sanglage, des couteaux d\u2019\u00e9trivi\u00e8res, la forme des quartiers et des taquets, etc.<\/p>\r\n<p>&nbsp;<\/p>\r\n<p><img loading=\"lazy\" decoding=\"async\" class=\"size-thumbnail wp-image-47 alignleft\" src=\"https:\/\/pegase-saddlefitting.fr\/wp-content\/uploads\/2019\/10\/20190828_172544-150x150.jpg\" alt=\"\" width=\"150\" height=\"150\" srcset=\"https:\/\/pegase-saddlefitting.fr\/wp-content\/uploads\/2019\/10\/20190828_172544-150x150.jpg 150w, https:\/\/pegase-saddlefitting.fr\/wp-content\/uploads\/2019\/10\/20190828_172544-100x100.jpg 100w\" sizes=\"auto, (max-width: 150px) 100vw, 150px\" \/><\/p>\r\n\r\n\r\n\r\n\r\n\r\n<p style=\"text-align: justify;\">En France, les plus commun\u00e9ment utilis\u00e9es sont les selles anglaises (mixte, dressage, obstacle, cross, etc) mais il existe diff\u00e9rents types de selle comme des selles western, selles sans ar\u00e7on, selles de travail de type ib\u00e9rique ou camarguais, etc.<\/p>\r\n<p>\r\n\r\n<\/p>","protected":false},"excerpt":{"rendered":"<p>La selle est compos\u00e9e d\u2019une \u00e2me rigide appel\u00e9e ar\u00e7on. Cet ar\u00e7on est traditionnellement construit en bois et en m\u00e9tal, mais aujourd\u2019hui d\u2019autres mat\u00e9riaux peuvent \u00eatre utilis\u00e9s, plastique, r\u00e9sine synth\u00e9tique, fibre de verre, fibre de carbone, etc. &nbsp; La forme de cet ar\u00e7on et ses dimensions sont pr\u00e9pond\u00e9rantes dans l\u2019adaptation de selle. Les panneaux fix\u00e9s sous &hellip; <\/p>\n<p class=\"link-more\"><a href=\"https:\/\/pegase-saddlefitting.fr\/?page_id=43\" class=\"more-link\">Continuer la lecture<span class=\"screen-reader-text\"> de &laquo;&nbsp;La selle&nbsp;&raquo;<\/span><\/a><\/p>\n","protected":false},"author":2,"featured_media":0,"parent":0,"menu_order":0,"comment_status":"closed","ping_status":"closed","template":"","meta":{"footnotes":""},"class_list":["post-43","page","type-page","status-publish","hentry"],"_links":{"self":[{"href":"https:\/\/pegase-saddlefitting.fr\/index.php?rest_route=\/wp\/v2\/pages\/43","targetHints":{"allow":["GET"]}}],"collection":[{"href":"https:\/\/pegase-saddlefitting.fr\/index.php?rest_route=\/wp\/v2\/pages"}],"about":[{"href":"https:\/\/pegase-saddlefitting.fr\/index.php?rest_route=\/wp\/v2\/types\/page"}],"author":[{"embeddable":true,"href":"https:\/\/pegase-saddlefitting.fr\/index.php?rest_route=\/wp\/v2\/users\/2"}],"replies":[{"embeddable":true,"href":"https:\/\/pegase-saddlefitting.fr\/index.php?rest_route=%2Fwp%2Fv2%2Fcomments&post=43"}],"version-history":[{"count":9,"href":"https:\/\/pegase-saddlefitting.fr\/index.php?rest_route=\/wp\/v2\/pages\/43\/revisions"}],"predecessor-version":[{"id":155,"href":"https:\/\/pegase-saddlefitting.fr\/index.php?rest_route=\/wp\/v2\/pages\/43\/revisions\/155"}],"wp:attachment":[{"href":"https:\/\/pegase-saddlefitting.fr\/index.php?rest_route=%2Fwp%2Fv2%2Fmedia&parent=43"}],"curies":[{"name":"wp","href":"https:\/\/api.w.org\/{rel}","templated":true}]}}