{"id":39,"date":"2019-10-22T12:01:08","date_gmt":"2019-10-22T10:01:08","guid":{"rendered":"https:\/\/pegase-saddlefitting.fr\/?page_id=39"},"modified":"2019-10-22T22:06:36","modified_gmt":"2019-10-22T20:06:36","slug":"valeurs-ethique","status":"publish","type":"page","link":"https:\/\/pegase-saddlefitting.fr\/?page_id=39","title":{"rendered":"Valeurs &#038; Ethique"},"content":{"rendered":"\r\n<p style=\"text-align: justify;\">En tant que saddle fitter, ma priorit\u00e9 est le bien-\u00eatre du cheval.<\/p>\r\n\r\n\r\n\r\n<p style=\"text-align: justify;\">L\u2019objectif principal est la v\u00e9rification de l\u2019adaptation de votre mat\u00e9riel et le d\u00e9veloppement d\u2019une analyse la plus juste possible quelle que soit la marque, le style, la conception de votre selle et ses accessoires.<\/p>\r\n\r\n\r\n\r\n<p style=\"text-align: justify;\">La vente d\u2019une selle n\u2019est pas une priorit\u00e9.<\/p>\r\n\r\n\r\n\r\n<p style=\"text-align: justify;\">Toute selle vendue sera livr\u00e9e, essay\u00e9e, ajust\u00e9e sur le cheval avec son cavalier dans leurs conditions de travail habituelles, afin de s\u2019assurer de la bonne adaptation de la selle pour le couple.<\/p>\r\n\r\n\r\n\r\n<p style=\"text-align: justify;\">Je travaille avec diff\u00e9rentes marques afin de proposer un large panel de solutions pour s\u2019adapter \u00e0 diff\u00e9rents types de morphologies, disciplines, go\u00fbts, budgets, etc.<\/p>\r\n","protected":false},"excerpt":{"rendered":"<p>En tant que saddle fitter, ma priorit\u00e9 est le bien-\u00eatre du cheval. L\u2019objectif principal est la v\u00e9rification de l\u2019adaptation de votre mat\u00e9riel et le d\u00e9veloppement d\u2019une analyse la plus juste possible quelle que soit la marque, le style, la conception de votre selle et ses accessoires. La vente d\u2019une selle n\u2019est pas une priorit\u00e9. Toute &hellip; <\/p>\n<p class=\"link-more\"><a href=\"https:\/\/pegase-saddlefitting.fr\/?page_id=39\" class=\"more-link\">Continuer la lecture<span class=\"screen-reader-text\"> de &laquo;&nbsp;Valeurs &#038; Ethique&nbsp;&raquo;<\/span><\/a><\/p>\n","protected":false},"author":2,"featured_media":0,"parent":0,"menu_order":0,"comment_status":"closed","ping_status":"closed","template":"","meta":{"footnotes":""},"class_list":["post-39","page","type-page","status-publish","hentry"],"_links":{"self":[{"href":"https:\/\/pegase-saddlefitting.fr\/index.php?rest_route=\/wp\/v2\/pages\/39","targetHints":{"allow":["GET"]}}],"collection":[{"href":"https:\/\/pegase-saddlefitting.fr\/index.php?rest_route=\/wp\/v2\/pages"}],"about":[{"href":"https:\/\/pegase-saddlefitting.fr\/index.php?rest_route=\/wp\/v2\/types\/page"}],"author":[{"embeddable":true,"href":"https:\/\/pegase-saddlefitting.fr\/index.php?rest_route=\/wp\/v2\/users\/2"}],"replies":[{"embeddable":true,"href":"https:\/\/pegase-saddlefitting.fr\/index.php?rest_route=%2Fwp%2Fv2%2Fcomments&post=39"}],"version-history":[{"count":5,"href":"https:\/\/pegase-saddlefitting.fr\/index.php?rest_route=\/wp\/v2\/pages\/39\/revisions"}],"predecessor-version":[{"id":178,"href":"https:\/\/pegase-saddlefitting.fr\/index.php?rest_route=\/wp\/v2\/pages\/39\/revisions\/178"}],"wp:attachment":[{"href":"https:\/\/pegase-saddlefitting.fr\/index.php?rest_route=%2Fwp%2Fv2%2Fmedia&parent=39"}],"curies":[{"name":"wp","href":"https:\/\/api.w.org\/{rel}","templated":true}]}}