{"id":33,"date":"2019-10-22T11:58:44","date_gmt":"2019-10-22T09:58:44","guid":{"rendered":"https:\/\/pegase-saddlefitting.fr\/?page_id=33"},"modified":"2019-10-23T12:39:12","modified_gmt":"2019-10-23T10:39:12","slug":"quest-ce-que-cest","status":"publish","type":"page","link":"https:\/\/pegase-saddlefitting.fr\/?page_id=33","title":{"rendered":"Qu&rsquo;est-ce que c&rsquo;est ?"},"content":{"rendered":"\r\n<p style=\"text-align: justify;\">Le Saddle Fitting consiste en l\u2019<strong>adaptation de la selle et ses accessoires<\/strong> au cheval, et \u00e0 son cavalier.e ainsi qu\u2019\u00e0 leur(s) pratique(s) et quelque soit leur niveau. Cette expression vient du Royaume Uni, \u00ab saddle \u00bb : selle, \u00ab to fit \u00bb : ajuster. En France, on parle aussi d\u2019ergonomie \u00e9quine.<\/p>\r\n\r\n\r\n\r\n<p style=\"text-align: justify;\">L\u2019objectif premier d\u2019une selle est de <strong>prot\u00e9ger la colonne vert\u00e9brale du cheval<\/strong>, notamment les processus \u00e9pineux. Cette partie l\u00e0 du dos du cheval ne peut pas porter de poids de fa\u00e7on p\u00e9renne. Son second objectif est de <strong>transf\u00e9rer le poids du cavalier sur les muscles dorsaux,<\/strong> de sorte que la <strong>r\u00e9partition soit homog\u00e8ne<\/strong> sur toute la surface en contact. Pour que cette r\u00e9partition reste homog\u00e8ne, la forme de la selle doit s&rsquo;accorder \u00e0 la morphologie du cheval. Aussi, la selle permet de <strong>s\u00e9curiser, \u00e9quilibrer et stabiliser le cavalier,<\/strong> le rendant plus facile \u00e0 porter pour le cheval et permettant une<strong> \u00e9quitation plus fine.<\/strong><\/p>\r\n\r\n\r\n\r\n<p style=\"text-align: justify;\">Il est important que le mat\u00e9riel utilis\u00e9 soit adapt\u00e9 \u00e0 la morphologie du cheval, et du cavalier. <strong>La selle est le trait d\u2019union entre vous et votre cheval<\/strong>. Pour son <strong>confort<\/strong>, son <strong>bien \u00eatre<\/strong> , sa <strong>sant\u00e9<\/strong> mais aussi pour <strong>optimiser ses performances<\/strong> ainsi que les v\u00f4tres.<\/p>\r\n\r\n\r\n\r\n<p style=\"text-align: justify;\">Il existe de <strong>nombreux types de morphologies<\/strong>, du cheval au garrot pro\u00e9minent tr\u00e8s saillant, \u00e0 celui au dos tr\u00e8s large avec peu, voire pas de garrot.<\/p>\r\n\r\n\r\n\r\n<p style=\"text-align: center;\"><img loading=\"lazy\" decoding=\"async\" width=\"400\" height=\"115\" class=\"wp-image-41\" style=\"width: 400px;\" src=\"https:\/\/pegase-saddlefitting.fr\/wp-content\/uploads\/2019\/10\/Ligne-de-dos-d\u00e9pliant.png\" alt=\"\" srcset=\"https:\/\/pegase-saddlefitting.fr\/wp-content\/uploads\/2019\/10\/Ligne-de-dos-d\u00e9pliant.png 1127w, https:\/\/pegase-saddlefitting.fr\/wp-content\/uploads\/2019\/10\/Ligne-de-dos-d\u00e9pliant-300x87.png 300w, https:\/\/pegase-saddlefitting.fr\/wp-content\/uploads\/2019\/10\/Ligne-de-dos-d\u00e9pliant-768x221.png 768w, https:\/\/pegase-saddlefitting.fr\/wp-content\/uploads\/2019\/10\/Ligne-de-dos-d\u00e9pliant-1024x295.png 1024w\" sizes=\"auto, (max-width: 400px) 100vw, 400px\" \/><em><br \/>Trois lignes de dos diff\u00e9rentes<\/em><\/p>\r\n\r\n\r\n\r\n\r\n\r\n<p style=\"text-align: justify;\"><strong>D\u2019autres crit\u00e8res morphologiques<\/strong> entrent en compte, ouverture derri\u00e8re l\u2019\u00e9paule, longueur et largeur du dos, l\u2019angle de l\u2019omoplate, etc. A ceci s\u2019ajoute la morphologie du cavalier et les exigences li\u00e9es \u00e0 la discipline pratiqu\u00e9e. Ceci cr\u00e9ant une \u00e9quation \u00e0 variables multiples qu\u2019il est parfois complexe \u00e0 r\u00e9soudre. Il est aussi important <strong>d\u2019analyser et prendre en compte la locomotion du cheval et l\u2019interaction cheval\/cavalier<\/strong> en <strong>mouvement<\/strong>, une <strong>v\u00e9rification en dynamique est imp\u00e9rative<\/strong> pour un diagnostic complet.<\/p>\r\n\r\n\r\n\r\n<p style=\"text-align: center;\"><img loading=\"lazy\" decoding=\"async\" width=\"250\" height=\"172\" class=\"wp-image-42\" style=\"width: 250px;\" src=\"https:\/\/pegase-saddlefitting.fr\/wp-content\/uploads\/2019\/10\/Capture-du-2019-08-15-14-40-22.png\" alt=\"\" srcset=\"https:\/\/pegase-saddlefitting.fr\/wp-content\/uploads\/2019\/10\/Capture-du-2019-08-15-14-40-22.png 528w, https:\/\/pegase-saddlefitting.fr\/wp-content\/uploads\/2019\/10\/Capture-du-2019-08-15-14-40-22-300x206.png 300w\" sizes=\"auto, (max-width: 250px) 100vw, 250px\" \/><em><br \/>Diff\u00e9rentes ouvertures du garrot<br \/><br \/><br \/><span style=\"color: #800080;\">\u21d2 <a style=\"color: #800080;\" href=\"https:\/\/pegase-saddlefitting.fr\/?page_id=36\">Le r\u00f4le du Saddle Fitter\u00a0<\/a><\/span><br \/><\/em><\/p>\r\n","protected":false},"excerpt":{"rendered":"<p>Le Saddle Fitting consiste en l\u2019adaptation de la selle et ses accessoires au cheval, et \u00e0 son cavalier.e ainsi qu\u2019\u00e0 leur(s) pratique(s) et quelque soit leur niveau. Cette expression vient du Royaume Uni, \u00ab saddle \u00bb : selle, \u00ab to fit \u00bb : ajuster. En France, on parle aussi d\u2019ergonomie \u00e9quine. L\u2019objectif premier d\u2019une selle &hellip; <\/p>\n<p class=\"link-more\"><a href=\"https:\/\/pegase-saddlefitting.fr\/?page_id=33\" class=\"more-link\">Continuer la lecture<span class=\"screen-reader-text\"> de &laquo;&nbsp;Qu&rsquo;est-ce que c&rsquo;est ?&nbsp;&raquo;<\/span><\/a><\/p>\n","protected":false},"author":2,"featured_media":0,"parent":0,"menu_order":0,"comment_status":"closed","ping_status":"closed","template":"","meta":{"footnotes":""},"class_list":["post-33","page","type-page","status-publish","hentry"],"_links":{"self":[{"href":"https:\/\/pegase-saddlefitting.fr\/index.php?rest_route=\/wp\/v2\/pages\/33","targetHints":{"allow":["GET"]}}],"collection":[{"href":"https:\/\/pegase-saddlefitting.fr\/index.php?rest_route=\/wp\/v2\/pages"}],"about":[{"href":"https:\/\/pegase-saddlefitting.fr\/index.php?rest_route=\/wp\/v2\/types\/page"}],"author":[{"embeddable":true,"href":"https:\/\/pegase-saddlefitting.fr\/index.php?rest_route=\/wp\/v2\/users\/2"}],"replies":[{"embeddable":true,"href":"https:\/\/pegase-saddlefitting.fr\/index.php?rest_route=%2Fwp%2Fv2%2Fcomments&post=33"}],"version-history":[{"count":6,"href":"https:\/\/pegase-saddlefitting.fr\/index.php?rest_route=\/wp\/v2\/pages\/33\/revisions"}],"predecessor-version":[{"id":189,"href":"https:\/\/pegase-saddlefitting.fr\/index.php?rest_route=\/wp\/v2\/pages\/33\/revisions\/189"}],"wp:attachment":[{"href":"https:\/\/pegase-saddlefitting.fr\/index.php?rest_route=%2Fwp%2Fv2%2Fmedia&parent=33"}],"curies":[{"name":"wp","href":"https:\/\/api.w.org\/{rel}","templated":true}]}}