{"id":21,"date":"2019-10-22T11:33:39","date_gmt":"2019-10-22T09:33:39","guid":{"rendered":"https:\/\/pegase-saddlefitting.fr\/?page_id=21"},"modified":"2026-01-19T20:53:54","modified_gmt":"2026-01-19T18:53:54","slug":"a-propos","status":"publish","type":"page","link":"https:\/\/pegase-saddlefitting.fr\/","title":{"rendered":"A propos"},"content":{"rendered":"<p style=\"text-align: justify;\"><img loading=\"lazy\" decoding=\"async\" class=\"size-medium wp-image-168 alignleft\" src=\"https:\/\/pegase-saddlefitting.fr\/wp-content\/uploads\/2019\/10\/logo-hd-300x232.jpg\" alt=\"\" width=\"300\" height=\"232\" srcset=\"https:\/\/pegase-saddlefitting.fr\/wp-content\/uploads\/2019\/10\/logo-hd-300x232.jpg 300w, https:\/\/pegase-saddlefitting.fr\/wp-content\/uploads\/2019\/10\/logo-hd-768x595.jpg 768w, https:\/\/pegase-saddlefitting.fr\/wp-content\/uploads\/2019\/10\/logo-hd-1024x793.jpg 1024w\" sizes=\"auto, (max-width: 300px) 100vw, 300px\" \/><br \/>\nSaddle Fitter bas\u00e9e en Corr\u00e8ze, Limousin, je vous propose des consultations pour v\u00e9rifier l&rsquo;ad\u00e9quation de votre selle et ses accessoires \u00e0 la morphologie de votre cheval et \u00e0 la v\u00f4tre, ainsi qu&rsquo;\u00e0 vos pratiques.<\/p>\n<p style=\"text-align: justify;\">Cavali\u00e8re depuis l&rsquo;enfance et propri\u00e9taire d&rsquo;une jument depuis 2016, je me suis form\u00e9e aupr\u00e8s de <span style=\"color: #800080;\"><a style=\"color: #800080;\" href=\"https:\/\/www.formationsaddlefitting.com\/\">Glenn Hasker<\/a>,<\/span> Ma\u00eetre Sellier et Saddle Fitter depuis 40 ans, je d\u00e9veloppe une analyse compl\u00e8te de votre mat\u00e9riel et de l&rsquo;int\u00e9raction dynamique cheval \/ mat\u00e9riel \/ cavalier \/ discipline, pour le confort de votre cheval, et l&rsquo;am\u00e9lioration des performances de votre couple.<\/p>\n<p><span style=\"text-align: justify; font-size: 1rem;\">D\u00e9placements possibles dans toute la Corr\u00e8ze, et d\u00e9partements limitrophes (87, 23, 63, 15, 46, 24, 16) mais aussi dans d&rsquo;autres r\u00e9gions, \u00e0 l&rsquo;occasion de tourn\u00e9es organis\u00e9es r\u00e9guli\u00e8rement.<br \/>\n<\/span><\/p>\n<p>&nbsp;<\/p>\n<p style=\"text-align: center;\">Membre de l&rsquo;Association des Saddle Fitters Ind\u00e9pendants, cr\u00e9\u00e9e en 2020<img loading=\"lazy\" decoding=\"async\" class=\"alignnone wp-image-287\" src=\"https:\/\/pegase-saddlefitting.fr\/wp-content\/uploads\/2023\/03\/logo.ASFI_.blanc_.png\" alt=\"\" width=\"435\" height=\"277\" srcset=\"https:\/\/pegase-saddlefitting.fr\/wp-content\/uploads\/2023\/03\/logo.ASFI_.blanc_.png 1015w, https:\/\/pegase-saddlefitting.fr\/wp-content\/uploads\/2023\/03\/logo.ASFI_.blanc_-300x191.png 300w, https:\/\/pegase-saddlefitting.fr\/wp-content\/uploads\/2023\/03\/logo.ASFI_.blanc_-768x488.png 768w\" sizes=\"auto, (max-width: 435px) 100vw, 435px\" \/><\/p>\n<p style=\"text-align: center;\">Agr\u00e9e Technicienne St\u00fcbben<\/p>\n<p><img loading=\"lazy\" decoding=\"async\" class=\"wp-image-288 alignnone aligncenter\" src=\"https:\/\/pegase-saddlefitting.fr\/wp-content\/uploads\/2023\/03\/LogoStubb.png\" alt=\"\" width=\"293\" height=\"100\" srcset=\"https:\/\/pegase-saddlefitting.fr\/wp-content\/uploads\/2023\/03\/LogoStubb.png 777w, https:\/\/pegase-saddlefitting.fr\/wp-content\/uploads\/2023\/03\/LogoStubb-300x102.png 300w, https:\/\/pegase-saddlefitting.fr\/wp-content\/uploads\/2023\/03\/LogoStubb-768x262.png 768w\" sizes=\"auto, (max-width: 293px) 100vw, 293px\" \/><\/p>\n","protected":false},"excerpt":{"rendered":"<p>Saddle Fitter bas\u00e9e en Corr\u00e8ze, Limousin, je vous propose des consultations pour v\u00e9rifier l&rsquo;ad\u00e9quation de votre selle et ses accessoires \u00e0 la morphologie de votre cheval et \u00e0 la v\u00f4tre, ainsi qu&rsquo;\u00e0 vos pratiques. Cavali\u00e8re depuis l&rsquo;enfance et propri\u00e9taire d&rsquo;une jument depuis 2016, je me suis form\u00e9e aupr\u00e8s de Glenn Hasker, Ma\u00eetre Sellier et Saddle &hellip; <\/p>\n<p class=\"link-more\"><a href=\"https:\/\/pegase-saddlefitting.fr\/\" class=\"more-link\">Continuer la lecture<span class=\"screen-reader-text\"> de &laquo;&nbsp;A propos&nbsp;&raquo;<\/span><\/a><\/p>\n","protected":false},"author":2,"featured_media":0,"parent":0,"menu_order":0,"comment_status":"closed","ping_status":"closed","template":"","meta":{"footnotes":""},"class_list":["post-21","page","type-page","status-publish","hentry"],"_links":{"self":[{"href":"https:\/\/pegase-saddlefitting.fr\/index.php?rest_route=\/wp\/v2\/pages\/21","targetHints":{"allow":["GET"]}}],"collection":[{"href":"https:\/\/pegase-saddlefitting.fr\/index.php?rest_route=\/wp\/v2\/pages"}],"about":[{"href":"https:\/\/pegase-saddlefitting.fr\/index.php?rest_route=\/wp\/v2\/types\/page"}],"author":[{"embeddable":true,"href":"https:\/\/pegase-saddlefitting.fr\/index.php?rest_route=\/wp\/v2\/users\/2"}],"replies":[{"embeddable":true,"href":"https:\/\/pegase-saddlefitting.fr\/index.php?rest_route=%2Fwp%2Fv2%2Fcomments&post=21"}],"version-history":[{"count":20,"href":"https:\/\/pegase-saddlefitting.fr\/index.php?rest_route=\/wp\/v2\/pages\/21\/revisions"}],"predecessor-version":[{"id":310,"href":"https:\/\/pegase-saddlefitting.fr\/index.php?rest_route=\/wp\/v2\/pages\/21\/revisions\/310"}],"wp:attachment":[{"href":"https:\/\/pegase-saddlefitting.fr\/index.php?rest_route=%2Fwp%2Fv2%2Fmedia&parent=21"}],"curies":[{"name":"wp","href":"https:\/\/api.w.org\/{rel}","templated":true}]}}