{"id":170,"date":"2019-10-22T17:29:47","date_gmt":"2019-10-22T15:29:47","guid":{"rendered":"https:\/\/pegase-saddlefitting.fr\/?page_id=170"},"modified":"2024-10-18T10:08:50","modified_gmt":"2024-10-18T08:08:50","slug":"mentions-legales","status":"publish","type":"page","link":"https:\/\/pegase-saddlefitting.fr\/?page_id=170","title":{"rendered":"Mentions l\u00e9gales"},"content":{"rendered":"<p><span style=\"font-family: Brandon Grotesque;\"><span style=\"font-size: medium;\"><img loading=\"lazy\" decoding=\"async\" class=\"size-medium wp-image-168 alignright\" src=\"https:\/\/pegase-saddlefitting.fr\/wp-content\/uploads\/2019\/10\/logo-hd-300x232.jpg\" alt=\"\" width=\"300\" height=\"232\" srcset=\"https:\/\/pegase-saddlefitting.fr\/wp-content\/uploads\/2019\/10\/logo-hd-300x232.jpg 300w, https:\/\/pegase-saddlefitting.fr\/wp-content\/uploads\/2019\/10\/logo-hd-768x595.jpg 768w, https:\/\/pegase-saddlefitting.fr\/wp-content\/uploads\/2019\/10\/logo-hd-1024x793.jpg 1024w\" sizes=\"auto, (max-width: 300px) 100vw, 300px\" \/>Ce site internet est la propri\u00e9t\u00e9 exclusive de P\u00e9gase SaddleFitting<\/span><\/span><\/p>\n<p><span style=\"font-family: Brandon Grotesque;\"><span style=\"font-size: medium;\">L&rsquo;entreprise est domicili\u00e9e au:<\/span><\/span><\/p>\n<p><span style=\"font-family: Brandon Grotesque;\"><span style=\"font-size: medium;\">23 impasse de Lavergne, 19000 Tulle<br \/>\n<\/span><\/span><\/p>\n<p align=\"justify\"><span style=\"font-family: Brandon Grotesque;\"><span style=\"font-size: medium;\">N\u00b0Siret : 849 125 885 00020<\/span><\/span><\/p>\n<p align=\"justify\"><span style=\"font-family: arial black, avant garde;\">N\u00b0TVA : FR42 849 125 885<\/span><\/p>\n<p><span style=\"font-family: Brandon Grotesque;\"><span style=\"font-size: medium;\">RCS\u00a0: Brive la Gaillarde<\/span><\/span><\/p>\n<p><span style=\"font-family: Brandon Grotesque;\"><span style=\"font-size: medium;\">Directeur de la publication\u00a0: Marion Bessaguet<\/span><\/span><\/p>\n<p><span style=\"font-family: Brandon Grotesque;\"><span style=\"font-size: medium;\">06 83 55 64 05<\/span><\/span><\/p>\n<p><span style=\"color: #0000ff;\"><u><span style=\"font-family: Brandon Grotesque;\"><span style=\"font-size: medium;\"><a href=\"mailto:contact@pegase-saddlefitting.fr\">p<\/a>egase.saddlefitting@gmail.com<\/span><\/span><\/u><\/span><\/p>\n<p><span style=\"font-family: Brandon Grotesque;\"><span style=\"font-size: medium;\">Toutes les images et les contenus de ce site sont la propri\u00e9t\u00e9 exclusive de P\u00e9gase SaddleFitting<\/span><\/span><\/p>\n<p><span style=\"font-family: Brandon Grotesque;\"><span style=\"font-size: medium;\">Reproduction et utilisation interdites sans autorisation pr\u00e9alable<\/span><\/span><\/p>\n","protected":false},"excerpt":{"rendered":"<p>Ce site internet est la propri\u00e9t\u00e9 exclusive de P\u00e9gase SaddleFitting L&rsquo;entreprise est domicili\u00e9e au: 23 impasse de Lavergne, 19000 Tulle N\u00b0Siret : 849 125 885 00020 N\u00b0TVA : FR42 849 125 885 RCS\u00a0: Brive la Gaillarde Directeur de la publication\u00a0: Marion Bessaguet 06 83 55 64 05 pegase.saddlefitting@gmail.com Toutes les images et les contenus de &hellip; <\/p>\n<p class=\"link-more\"><a href=\"https:\/\/pegase-saddlefitting.fr\/?page_id=170\" class=\"more-link\">Continuer la lecture<span class=\"screen-reader-text\"> de &laquo;&nbsp;Mentions l\u00e9gales&nbsp;&raquo;<\/span><\/a><\/p>\n","protected":false},"author":2,"featured_media":0,"parent":0,"menu_order":0,"comment_status":"closed","ping_status":"closed","template":"","meta":{"footnotes":""},"class_list":["post-170","page","type-page","status-publish","hentry"],"_links":{"self":[{"href":"https:\/\/pegase-saddlefitting.fr\/index.php?rest_route=\/wp\/v2\/pages\/170","targetHints":{"allow":["GET"]}}],"collection":[{"href":"https:\/\/pegase-saddlefitting.fr\/index.php?rest_route=\/wp\/v2\/pages"}],"about":[{"href":"https:\/\/pegase-saddlefitting.fr\/index.php?rest_route=\/wp\/v2\/types\/page"}],"author":[{"embeddable":true,"href":"https:\/\/pegase-saddlefitting.fr\/index.php?rest_route=\/wp\/v2\/users\/2"}],"replies":[{"embeddable":true,"href":"https:\/\/pegase-saddlefitting.fr\/index.php?rest_route=%2Fwp%2Fv2%2Fcomments&post=170"}],"version-history":[{"count":3,"href":"https:\/\/pegase-saddlefitting.fr\/index.php?rest_route=\/wp\/v2\/pages\/170\/revisions"}],"predecessor-version":[{"id":298,"href":"https:\/\/pegase-saddlefitting.fr\/index.php?rest_route=\/wp\/v2\/pages\/170\/revisions\/298"}],"wp:attachment":[{"href":"https:\/\/pegase-saddlefitting.fr\/index.php?rest_route=%2Fwp%2Fv2%2Fmedia&parent=170"}],"curies":[{"name":"wp","href":"https:\/\/api.w.org\/{rel}","templated":true}]}}